{"id":709,"date":"2026-04-07T17:07:05","date_gmt":"2026-04-07T15:07:05","guid":{"rendered":"https:\/\/ligare-comic.com\/?page_id=709"},"modified":"2026-04-07T17:07:05","modified_gmt":"2026-04-07T15:07:05","slug":"librairies","status":"publish","type":"page","link":"https:\/\/ligare-comic.com\/index.php\/librairies\/","title":{"rendered":"Librairies"},"content":{"rendered":"\n<p>L\u00e0 o\u00f9 trouver Ligare en format papier !<\/p>\n\n\n\n<p><strong>Paris :<\/strong><\/p>\n\n\n\n<ul class=\"wp-block-list\">\n<li>Aaapoum Bapoum, 8 rue Dante, Paris 5e  ( <a href=\"https:\/\/www.aaapoumbapoum.com\/\">https:\/\/www.aaapoumbapoum.com\/<\/a> )<\/li>\n<\/ul>\n\n\n\n<p><\/p>\n\n\n\n<p>Vous \u00eates une librairie et voulez proposer Ligare ? Contactez-moi \u00e0 ce mail \ud83d\ude42  <a href=\"mailto:mademoiselle.kalumis@gmail.com\" target=\"_blank\" rel=\"noreferrer noopener\">mademoiselle.kalumis@gmail.com<\/a><\/p>\n\n\n\n<p><\/p>\n","protected":false},"excerpt":{"rendered":"<p>L\u00e0 o\u00f9 trouver Ligare en format papier ! Paris : Vous \u00eates une librairie et voulez proposer Ligare ? Contactez-moi \u00e0 ce mail \ud83d\ude42 mademoiselle.kalumis@gmail.com<\/p>\n","protected":false},"author":1,"featured_media":0,"parent":0,"menu_order":0,"comment_status":"closed","ping_status":"closed","template":"","meta":{"footnotes":""},"class_list":["post-709","page","type-page","status-publish","hentry"],"jetpack_sharing_enabled":true,"_links":{"self":[{"href":"https:\/\/ligare-comic.com\/index.php\/wp-json\/wp\/v2\/pages\/709","targetHints":{"allow":["GET"]}}],"collection":[{"href":"https:\/\/ligare-comic.com\/index.php\/wp-json\/wp\/v2\/pages"}],"about":[{"href":"https:\/\/ligare-comic.com\/index.php\/wp-json\/wp\/v2\/types\/page"}],"author":[{"embeddable":true,"href":"https:\/\/ligare-comic.com\/index.php\/wp-json\/wp\/v2\/users\/1"}],"replies":[{"embeddable":true,"href":"https:\/\/ligare-comic.com\/index.php\/wp-json\/wp\/v2\/comments?post=709"}],"version-history":[{"count":1,"href":"https:\/\/ligare-comic.com\/index.php\/wp-json\/wp\/v2\/pages\/709\/revisions"}],"predecessor-version":[{"id":710,"href":"https:\/\/ligare-comic.com\/index.php\/wp-json\/wp\/v2\/pages\/709\/revisions\/710"}],"wp:attachment":[{"href":"https:\/\/ligare-comic.com\/index.php\/wp-json\/wp\/v2\/media?parent=709"}],"curies":[{"name":"wp","href":"https:\/\/api.w.org\/{rel}","templated":true}]}}